{"id":37,"date":"2024-02-08T22:49:36","date_gmt":"2024-02-08T21:49:36","guid":{"rendered":"https:\/\/bazantnice.com\/en\/?page_id=37"},"modified":"2024-04-05T21:02:10","modified_gmt":"2024-04-05T19:02:10","slug":"contact","status":"publish","type":"page","link":"https:\/\/bazantnice.com\/en\/contact\/","title":{"rendered":"Contact"},"content":{"rendered":"\n<p><strong>Ba\u017eantnice Plou\u017enice<\/strong><br>Hv\u011bzdov 990<br>471 24 Ralsko<br>Czech Republic<\/p>\n\n\n\n<p>GPS coordinates: 50.646618, 14.765386<\/p>\n\n\n\n<p>Miloslav Proch\u00e1zka (owner) <a href=\"tel:+420602278091\" data-type=\"tel\" data-id=\"tel:+420602278091\">+420 602 278 091<\/a><\/p>\n\n\n\n<p>Krist\u00fdna Proch\u00e1zkov\u00e1 (reservation department) <a href=\"tel:+420721667722\" data-type=\"tel\" data-id=\"tel:+420721667722\">+420 721 667 722<\/a><\/p>\n\n\n\n<p>Email: <a href=\"mailto:info@bazantnice.com\">info@bazantnice.com<\/a>, <a href=\"mailto:milos@bonavita.cz\">milos@bonavita.cz<\/a>, <a href=\"mailto:info@apartmanyralsko.cz\">info@apartmanyralsko.cz<\/a><\/p>\n","protected":false},"excerpt":{"rendered":"<p>Ba\u017eantnice Plou\u017eniceHv\u011bzdov 990471 24 RalskoCzech Republic GPS coordinates: 50.646618, 14.765386 Miloslav Proch\u00e1zka (owner) +420 602 278 091 Krist\u00fdna Proch\u00e1zkov\u00e1 (reservation department) +420 721 667 722 Email: info@bazantnice.com, milos@bonavita.cz, info@apartmanyralsko.cz<\/p>\n","protected":false},"author":1,"featured_media":0,"parent":0,"menu_order":0,"comment_status":"closed","ping_status":"closed","template":"","meta":{"footnotes":""},"class_list":["post-37","page","type-page","status-publish","hentry"],"_links":{"self":[{"href":"https:\/\/bazantnice.com\/en\/wp-json\/wp\/v2\/pages\/37","targetHints":{"allow":["GET"]}}],"collection":[{"href":"https:\/\/bazantnice.com\/en\/wp-json\/wp\/v2\/pages"}],"about":[{"href":"https:\/\/bazantnice.com\/en\/wp-json\/wp\/v2\/types\/page"}],"author":[{"embeddable":true,"href":"https:\/\/bazantnice.com\/en\/wp-json\/wp\/v2\/users\/1"}],"replies":[{"embeddable":true,"href":"https:\/\/bazantnice.com\/en\/wp-json\/wp\/v2\/comments?post=37"}],"version-history":[{"count":2,"href":"https:\/\/bazantnice.com\/en\/wp-json\/wp\/v2\/pages\/37\/revisions"}],"predecessor-version":[{"id":90,"href":"https:\/\/bazantnice.com\/en\/wp-json\/wp\/v2\/pages\/37\/revisions\/90"}],"wp:attachment":[{"href":"https:\/\/bazantnice.com\/en\/wp-json\/wp\/v2\/media?parent=37"}],"curies":[{"name":"wp","href":"https:\/\/api.w.org\/{rel}","templated":true}]}}