{"id":49,"date":"2024-04-10T22:27:07","date_gmt":"2024-04-10T20:27:07","guid":{"rendered":"https:\/\/bazantnice.com\/de\/?page_id=49"},"modified":"2024-04-10T22:27:19","modified_gmt":"2024-04-10T20:27:19","slug":"unterkuenfte","status":"publish","type":"page","link":"https:\/\/bazantnice.com\/de\/unterkuenfte\/","title":{"rendered":"Unterk\u00fcnfte"},"content":{"rendered":"\n<div class=\"wp-block-group has-global-padding is-layout-constrained wp-block-group-is-layout-constrained\">\n<script src=\"https:\/\/static.kuula.io\/embed.js\" data-kuula=\"https:\/\/kuula.co\/share\/collection\/7X9pX?logo=1&#038;info=0&#038;logosize=200&#038;fs=1&#038;vr=1&#038;initload=0&#038;thumbs=1&#038;alpha=0.69\" data-width=\"100%\" data-height=\"640px\"><\/script>\n<\/div>\n\n\n\n<h2 class=\"wp-block-heading\">Neu gebaute Blockh\u00fctten<\/h2>\n\n\n\n<p>Luxuri\u00f6se Unterk\u00fcnfte mitten in der Natur, nicht nur f\u00fcr unsere Jagdg\u00e4ste. Kommen Sie und entspannen Sie sich im Sommer in Privatwohnungen unter Ralsk.<\/p>\n\n\n\n<h2 class=\"wp-block-heading\">Unterkunftskapazit\u00e4t<\/h2>\n\n\n\n<p>Apartmentkomplex bestehend aus zwei Geb\u00e4uden und einem gro\u00dfen Gemeinschaftsraum. Ein Gemeinschaftsraum, der f\u00fcr Hochzeiten, Familienfeiern und Firmenschulungen geeignet ist. Gemeinsamer Tisch f\u00fcr bis zu 50 Personen.<\/p>\n\n\n\n<p>Die Gesamtkapazit\u00e4t des Geb\u00e4udes betr\u00e4gt 20 \u2013 32 Betten. 6 Appartements (2-4 Personen), 4 separate Zimmer (2 Personen).<\/p>\n\n\n\n<h3 class=\"wp-block-heading\"><strong>Appartements<\/strong><\/h3>\n\n\n\n<p>Apartment mit Balkon oder Fenstert\u00fcr, die direkt auf die Terrasse f\u00fchrt. Unterkunft f\u00fcr 2 bis 4 Personen. &#8211; Schlafzimmer mit Festbetten &#8211; Aufenthaltsraum mit voll ausgestatteter K\u00fcche, Essbereich, Schlafsofa und TV &#8211; Badezimmer mit WC und Dusche &#8211; Parkplatz.<\/p>\n\n\n\n<p><strong>3 100 K\u010d\/Nacht<\/strong><\/p>\n\n\n\n<h3 class=\"wp-block-heading\"><strong>Doppelzimmer<\/strong><\/h3>\n\n\n\n<p>1 Schlafzimmer, Platz f\u00fcr 2 Personen \u2013 Zustellbett m\u00f6glich \u2013 Badezimmer mit WC und Dusche \u2013 Parkplatz<\/p>\n\n\n\n<p><strong>1 650 K\u010d\/Nacht<\/strong><\/p>\n\n\n\n<figure class=\"wp-block-gallery has-nested-images columns-default is-cropped wp-block-gallery-1 is-layout-flex wp-block-gallery-is-layout-flex\">\n<figure class=\"wp-block-image size-full\"><a href=\"https:\/\/bazantnice.com\/de\/wp-content\/uploads\/sites\/4\/2024\/04\/pokoj-1-scaled.jpg\"><img loading=\"lazy\" decoding=\"async\" width=\"2560\" height=\"2560\" data-id=\"50\" src=\"https:\/\/bazantnice.com\/de\/wp-content\/uploads\/sites\/4\/2024\/04\/pokoj-1-scaled.jpg\" alt=\"\" class=\"wp-image-50\" srcset=\"https:\/\/bazantnice.com\/de\/wp-content\/uploads\/sites\/4\/2024\/04\/pokoj-1-scaled.jpg 2560w, https:\/\/bazantnice.com\/de\/wp-content\/uploads\/sites\/4\/2024\/04\/pokoj-1-300x300.jpg 300w, https:\/\/bazantnice.com\/de\/wp-content\/uploads\/sites\/4\/2024\/04\/pokoj-1-1024x1024.jpg 1024w, https:\/\/bazantnice.com\/de\/wp-content\/uploads\/sites\/4\/2024\/04\/pokoj-1-150x150.jpg 150w, https:\/\/bazantnice.com\/de\/wp-content\/uploads\/sites\/4\/2024\/04\/pokoj-1-768x768.jpg 768w, https:\/\/bazantnice.com\/de\/wp-content\/uploads\/sites\/4\/2024\/04\/pokoj-1-1536x1536.jpg 1536w, https:\/\/bazantnice.com\/de\/wp-content\/uploads\/sites\/4\/2024\/04\/pokoj-1-2048x2048.jpg 2048w\" sizes=\"auto, (max-width: 2560px) 100vw, 2560px\" \/><\/a><\/figure>\n\n\n\n<figure class=\"wp-block-image size-full\"><a href=\"https:\/\/bazantnice.com\/de\/wp-content\/uploads\/sites\/4\/2024\/04\/pokoj-2-scaled.jpg\"><img loading=\"lazy\" decoding=\"async\" width=\"2560\" height=\"2560\" data-id=\"51\" src=\"https:\/\/bazantnice.com\/de\/wp-content\/uploads\/sites\/4\/2024\/04\/pokoj-2-scaled.jpg\" alt=\"\" class=\"wp-image-51\" srcset=\"https:\/\/bazantnice.com\/de\/wp-content\/uploads\/sites\/4\/2024\/04\/pokoj-2-scaled.jpg 2560w, https:\/\/bazantnice.com\/de\/wp-content\/uploads\/sites\/4\/2024\/04\/pokoj-2-300x300.jpg 300w, https:\/\/bazantnice.com\/de\/wp-content\/uploads\/sites\/4\/2024\/04\/pokoj-2-1024x1024.jpg 1024w, https:\/\/bazantnice.com\/de\/wp-content\/uploads\/sites\/4\/2024\/04\/pokoj-2-150x150.jpg 150w, https:\/\/bazantnice.com\/de\/wp-content\/uploads\/sites\/4\/2024\/04\/pokoj-2-768x768.jpg 768w, https:\/\/bazantnice.com\/de\/wp-content\/uploads\/sites\/4\/2024\/04\/pokoj-2-1536x1536.jpg 1536w, https:\/\/bazantnice.com\/de\/wp-content\/uploads\/sites\/4\/2024\/04\/pokoj-2-2048x2048.jpg 2048w\" sizes=\"auto, (max-width: 2560px) 100vw, 2560px\" \/><\/a><\/figure>\n<\/figure>\n\n\n\n<p><strong>Wenn Sie daran interessiert sind, mit uns eine Firmenschulung, ein Teambuilding, eine Hochzeit oder eine Feier zu organisieren, kontaktieren Sie uns!<\/strong><\/p>\n\n\n\n<p><strong>Gerne unterbreiten wir Ihnen nach Angabe Ihrer Anforderungen ein Preisangebot.<\/strong><\/p>\n\n\n\n<p><strong>Kontakte:<\/strong><\/p>\n\n\n\n<p><a href=\"mailto:info@apartmanyralsko.cz\">info@apartmanyralsko.cz<\/a><\/p>\n\n\n\n<p><a href=\"tel:+420721667722\" data-type=\"tel\" data-id=\"tel:+420721667722\">+420 721 667 722<\/a><\/p>\n\n\n\n<figure class=\"wp-block-gallery has-nested-images columns-default is-cropped wp-block-gallery-2 is-layout-flex wp-block-gallery-is-layout-flex\">\n<figure class=\"wp-block-image size-large\"><a href=\"https:\/\/bazantnice.com\/de\/wp-content\/uploads\/sites\/4\/2024\/04\/ubytovani-1-scaled.jpg\"><img loading=\"lazy\" decoding=\"async\" width=\"1024\" height=\"683\" data-id=\"52\" src=\"https:\/\/bazantnice.com\/de\/wp-content\/uploads\/sites\/4\/2024\/04\/ubytovani-1-1024x683.jpg\" alt=\"\" class=\"wp-image-52\" srcset=\"https:\/\/bazantnice.com\/de\/wp-content\/uploads\/sites\/4\/2024\/04\/ubytovani-1-1024x683.jpg 1024w, https:\/\/bazantnice.com\/de\/wp-content\/uploads\/sites\/4\/2024\/04\/ubytovani-1-300x200.jpg 300w, https:\/\/bazantnice.com\/de\/wp-content\/uploads\/sites\/4\/2024\/04\/ubytovani-1-768x512.jpg 768w, https:\/\/bazantnice.com\/de\/wp-content\/uploads\/sites\/4\/2024\/04\/ubytovani-1-1536x1024.jpg 1536w, https:\/\/bazantnice.com\/de\/wp-content\/uploads\/sites\/4\/2024\/04\/ubytovani-1-2048x1365.jpg 2048w\" sizes=\"auto, (max-width: 1024px) 100vw, 1024px\" \/><\/a><\/figure>\n\n\n\n<figure class=\"wp-block-image size-large\"><a href=\"https:\/\/bazantnice.com\/de\/wp-content\/uploads\/sites\/4\/2024\/04\/ubytovani-2.jpg\"><img loading=\"lazy\" decoding=\"async\" width=\"1024\" height=\"683\" data-id=\"53\" src=\"https:\/\/bazantnice.com\/de\/wp-content\/uploads\/sites\/4\/2024\/04\/ubytovani-2-1024x683.jpg\" alt=\"\" class=\"wp-image-53\" srcset=\"https:\/\/bazantnice.com\/de\/wp-content\/uploads\/sites\/4\/2024\/04\/ubytovani-2-1024x683.jpg 1024w, https:\/\/bazantnice.com\/de\/wp-content\/uploads\/sites\/4\/2024\/04\/ubytovani-2-300x200.jpg 300w, https:\/\/bazantnice.com\/de\/wp-content\/uploads\/sites\/4\/2024\/04\/ubytovani-2-768x512.jpg 768w, https:\/\/bazantnice.com\/de\/wp-content\/uploads\/sites\/4\/2024\/04\/ubytovani-2-1536x1024.jpg 1536w, https:\/\/bazantnice.com\/de\/wp-content\/uploads\/sites\/4\/2024\/04\/ubytovani-2.jpg 1944w\" sizes=\"auto, (max-width: 1024px) 100vw, 1024px\" \/><\/a><\/figure>\n\n\n\n<figure class=\"wp-block-image size-large\"><a href=\"https:\/\/bazantnice.com\/de\/wp-content\/uploads\/sites\/4\/2024\/04\/ubytovani-3-scaled.jpg\"><img loading=\"lazy\" decoding=\"async\" width=\"1024\" height=\"678\" data-id=\"54\" src=\"https:\/\/bazantnice.com\/de\/wp-content\/uploads\/sites\/4\/2024\/04\/ubytovani-3-1024x678.jpg\" alt=\"\" class=\"wp-image-54\" srcset=\"https:\/\/bazantnice.com\/de\/wp-content\/uploads\/sites\/4\/2024\/04\/ubytovani-3-1024x678.jpg 1024w, https:\/\/bazantnice.com\/de\/wp-content\/uploads\/sites\/4\/2024\/04\/ubytovani-3-300x198.jpg 300w, https:\/\/bazantnice.com\/de\/wp-content\/uploads\/sites\/4\/2024\/04\/ubytovani-3-768x508.jpg 768w, https:\/\/bazantnice.com\/de\/wp-content\/uploads\/sites\/4\/2024\/04\/ubytovani-3-1536x1016.jpg 1536w, https:\/\/bazantnice.com\/de\/wp-content\/uploads\/sites\/4\/2024\/04\/ubytovani-3-2048x1355.jpg 2048w\" sizes=\"auto, (max-width: 1024px) 100vw, 1024px\" \/><\/a><\/figure>\n\n\n\n<figure class=\"wp-block-image size-large\"><a href=\"https:\/\/bazantnice.com\/de\/wp-content\/uploads\/sites\/4\/2024\/04\/ubytovani-4-scaled.jpg\"><img loading=\"lazy\" decoding=\"async\" width=\"1024\" height=\"768\" data-id=\"55\" src=\"https:\/\/bazantnice.com\/de\/wp-content\/uploads\/sites\/4\/2024\/04\/ubytovani-4-1024x768.jpg\" alt=\"\" class=\"wp-image-55\" srcset=\"https:\/\/bazantnice.com\/de\/wp-content\/uploads\/sites\/4\/2024\/04\/ubytovani-4-1024x768.jpg 1024w, https:\/\/bazantnice.com\/de\/wp-content\/uploads\/sites\/4\/2024\/04\/ubytovani-4-300x225.jpg 300w, https:\/\/bazantnice.com\/de\/wp-content\/uploads\/sites\/4\/2024\/04\/ubytovani-4-768x576.jpg 768w, https:\/\/bazantnice.com\/de\/wp-content\/uploads\/sites\/4\/2024\/04\/ubytovani-4-1536x1152.jpg 1536w, https:\/\/bazantnice.com\/de\/wp-content\/uploads\/sites\/4\/2024\/04\/ubytovani-4-2048x1536.jpg 2048w\" sizes=\"auto, (max-width: 1024px) 100vw, 1024px\" \/><\/a><\/figure>\n\n\n\n<figure class=\"wp-block-image size-large\"><a href=\"https:\/\/bazantnice.com\/de\/wp-content\/uploads\/sites\/4\/2024\/04\/Untitled_1.1.8-scaled.jpg\"><img loading=\"lazy\" decoding=\"async\" width=\"1024\" height=\"576\" data-id=\"46\" src=\"https:\/\/bazantnice.com\/de\/wp-content\/uploads\/sites\/4\/2024\/04\/Untitled_1.1.8-1024x576.jpg\" alt=\"\" class=\"wp-image-46\" srcset=\"https:\/\/bazantnice.com\/de\/wp-content\/uploads\/sites\/4\/2024\/04\/Untitled_1.1.8-1024x576.jpg 1024w, https:\/\/bazantnice.com\/de\/wp-content\/uploads\/sites\/4\/2024\/04\/Untitled_1.1.8-300x169.jpg 300w, https:\/\/bazantnice.com\/de\/wp-content\/uploads\/sites\/4\/2024\/04\/Untitled_1.1.8-768x432.jpg 768w, https:\/\/bazantnice.com\/de\/wp-content\/uploads\/sites\/4\/2024\/04\/Untitled_1.1.8-1536x864.jpg 1536w, https:\/\/bazantnice.com\/de\/wp-content\/uploads\/sites\/4\/2024\/04\/Untitled_1.1.8-2048x1152.jpg 2048w\" sizes=\"auto, (max-width: 1024px) 100vw, 1024px\" \/><\/a><\/figure>\n\n\n\n<figure class=\"wp-block-image size-large\"><a href=\"https:\/\/bazantnice.com\/de\/wp-content\/uploads\/sites\/4\/2024\/04\/Untitled_1.2.1-scaled.jpg\"><img loading=\"lazy\" decoding=\"async\" width=\"1024\" height=\"576\" data-id=\"56\" src=\"https:\/\/bazantnice.com\/de\/wp-content\/uploads\/sites\/4\/2024\/04\/Untitled_1.2.1-1024x576.jpg\" alt=\"\" class=\"wp-image-56\" srcset=\"https:\/\/bazantnice.com\/de\/wp-content\/uploads\/sites\/4\/2024\/04\/Untitled_1.2.1-1024x576.jpg 1024w, https:\/\/bazantnice.com\/de\/wp-content\/uploads\/sites\/4\/2024\/04\/Untitled_1.2.1-300x169.jpg 300w, https:\/\/bazantnice.com\/de\/wp-content\/uploads\/sites\/4\/2024\/04\/Untitled_1.2.1-768x432.jpg 768w, https:\/\/bazantnice.com\/de\/wp-content\/uploads\/sites\/4\/2024\/04\/Untitled_1.2.1-1536x864.jpg 1536w, https:\/\/bazantnice.com\/de\/wp-content\/uploads\/sites\/4\/2024\/04\/Untitled_1.2.1-2048x1152.jpg 2048w\" sizes=\"auto, (max-width: 1024px) 100vw, 1024px\" \/><\/a><\/figure>\n\n\n\n<figure class=\"wp-block-image size-large\"><a href=\"https:\/\/bazantnice.com\/de\/wp-content\/uploads\/sites\/4\/2024\/04\/Untitled_1.9.1-scaled.jpg\"><img loading=\"lazy\" decoding=\"async\" width=\"1024\" height=\"576\" data-id=\"45\" src=\"https:\/\/bazantnice.com\/de\/wp-content\/uploads\/sites\/4\/2024\/04\/Untitled_1.9.1-1024x576.jpg\" alt=\"\" class=\"wp-image-45\" srcset=\"https:\/\/bazantnice.com\/de\/wp-content\/uploads\/sites\/4\/2024\/04\/Untitled_1.9.1-1024x576.jpg 1024w, https:\/\/bazantnice.com\/de\/wp-content\/uploads\/sites\/4\/2024\/04\/Untitled_1.9.1-300x169.jpg 300w, https:\/\/bazantnice.com\/de\/wp-content\/uploads\/sites\/4\/2024\/04\/Untitled_1.9.1-768x432.jpg 768w, https:\/\/bazantnice.com\/de\/wp-content\/uploads\/sites\/4\/2024\/04\/Untitled_1.9.1-1536x864.jpg 1536w, https:\/\/bazantnice.com\/de\/wp-content\/uploads\/sites\/4\/2024\/04\/Untitled_1.9.1-2048x1152.jpg 2048w\" sizes=\"auto, (max-width: 1024px) 100vw, 1024px\" \/><\/a><\/figure>\n<\/figure>\n","protected":false},"excerpt":{"rendered":"<p>Neu gebaute Blockh\u00fctten Luxuri\u00f6se Unterk\u00fcnfte mitten in der Natur, nicht nur f\u00fcr unsere Jagdg\u00e4ste. Kommen Sie und entspannen Sie sich im Sommer in Privatwohnungen unter Ralsk. Unterkunftskapazit\u00e4t Apartmentkomplex bestehend aus zwei Geb\u00e4uden und einem gro\u00dfen Gemeinschaftsraum. Ein Gemeinschaftsraum, der f\u00fcr Hochzeiten, Familienfeiern und Firmenschulungen geeignet ist. Gemeinsamer Tisch f\u00fcr bis zu 50 Personen. Die Gesamtkapazit\u00e4t [&hellip;]<\/p>\n","protected":false},"author":1,"featured_media":0,"parent":0,"menu_order":0,"comment_status":"closed","ping_status":"closed","template":"","meta":{"footnotes":""},"class_list":["post-49","page","type-page","status-publish","hentry"],"_links":{"self":[{"href":"https:\/\/bazantnice.com\/de\/wp-json\/wp\/v2\/pages\/49","targetHints":{"allow":["GET"]}}],"collection":[{"href":"https:\/\/bazantnice.com\/de\/wp-json\/wp\/v2\/pages"}],"about":[{"href":"https:\/\/bazantnice.com\/de\/wp-json\/wp\/v2\/types\/page"}],"author":[{"embeddable":true,"href":"https:\/\/bazantnice.com\/de\/wp-json\/wp\/v2\/users\/1"}],"replies":[{"embeddable":true,"href":"https:\/\/bazantnice.com\/de\/wp-json\/wp\/v2\/comments?post=49"}],"version-history":[{"count":2,"href":"https:\/\/bazantnice.com\/de\/wp-json\/wp\/v2\/pages\/49\/revisions"}],"predecessor-version":[{"id":58,"href":"https:\/\/bazantnice.com\/de\/wp-json\/wp\/v2\/pages\/49\/revisions\/58"}],"wp:attachment":[{"href":"https:\/\/bazantnice.com\/de\/wp-json\/wp\/v2\/media?parent=49"}],"curies":[{"name":"wp","href":"https:\/\/api.w.org\/{rel}","templated":true}]}}