{"id":17,"date":"2024-04-10T22:16:52","date_gmt":"2024-04-10T20:16:52","guid":{"rendered":"https:\/\/bazantnice.com\/de\/?page_id=17"},"modified":"2024-04-10T22:16:52","modified_gmt":"2024-04-10T20:16:52","slug":"kontakt","status":"publish","type":"page","link":"https:\/\/bazantnice.com\/de\/kontakt\/","title":{"rendered":"Kontakt"},"content":{"rendered":"\n<p><strong>Ba\u017eantnice Plou\u017enice<\/strong><br>Hv\u011bzdov 990<br>471 24 Ralsko<br>Tschechien<\/p>\n\n\n\n<p>GPS Koordinaten: 50.646618, 14.765386<\/p>\n\n\n\n<p>Miloslav Proch\u00e1zka (Eigent\u00fcmer) <a href=\"tel:+420602278091\" data-type=\"tel\" data-id=\"tel:+420602278091\">+420 602 278 091<\/a><\/p>\n\n\n\n<p>Krist\u00fdna Proch\u00e1zkov\u00e1 (rReservierungsabteilung) <a href=\"tel:+420721667722\" data-type=\"tel\" data-id=\"tel:+420721667722\">+420 721 667 722<\/a><\/p>\n\n\n\n<p>Email: <a href=\"mailto:info@bazantnice.com\">info@bazantnice.com<\/a>, <a href=\"mailto:milos@bonavita.cz\">milos@bonavita.cz<\/a>, <a href=\"mailto:info@apartmanyralsko.cz\">info@apartmanyralsko.cz<\/a><\/p>\n\n\n\n<p><\/p>\n","protected":false},"excerpt":{"rendered":"<p>Ba\u017eantnice Plou\u017eniceHv\u011bzdov 990471 24 RalskoTschechien GPS Koordinaten: 50.646618, 14.765386 Miloslav Proch\u00e1zka (Eigent\u00fcmer) +420 602 278 091 Krist\u00fdna Proch\u00e1zkov\u00e1 (rReservierungsabteilung) +420 721 667 722 Email: info@bazantnice.com, milos@bonavita.cz, info@apartmanyralsko.cz<\/p>\n","protected":false},"author":1,"featured_media":0,"parent":0,"menu_order":0,"comment_status":"closed","ping_status":"closed","template":"","meta":{"footnotes":""},"class_list":["post-17","page","type-page","status-publish","hentry"],"_links":{"self":[{"href":"https:\/\/bazantnice.com\/de\/wp-json\/wp\/v2\/pages\/17","targetHints":{"allow":["GET"]}}],"collection":[{"href":"https:\/\/bazantnice.com\/de\/wp-json\/wp\/v2\/pages"}],"about":[{"href":"https:\/\/bazantnice.com\/de\/wp-json\/wp\/v2\/types\/page"}],"author":[{"embeddable":true,"href":"https:\/\/bazantnice.com\/de\/wp-json\/wp\/v2\/users\/1"}],"replies":[{"embeddable":true,"href":"https:\/\/bazantnice.com\/de\/wp-json\/wp\/v2\/comments?post=17"}],"version-history":[{"count":1,"href":"https:\/\/bazantnice.com\/de\/wp-json\/wp\/v2\/pages\/17\/revisions"}],"predecessor-version":[{"id":18,"href":"https:\/\/bazantnice.com\/de\/wp-json\/wp\/v2\/pages\/17\/revisions\/18"}],"wp:attachment":[{"href":"https:\/\/bazantnice.com\/de\/wp-json\/wp\/v2\/media?parent=17"}],"curies":[{"name":"wp","href":"https:\/\/api.w.org\/{rel}","templated":true}]}}