{"id":114,"date":"2024-04-11T10:15:38","date_gmt":"2024-04-11T08:15:38","guid":{"rendered":"https:\/\/bazantnice.com\/de\/?page_id=114"},"modified":"2024-04-11T22:26:37","modified_gmt":"2024-04-11T20:26:37","slug":"reh","status":"publish","type":"page","link":"https:\/\/bazantnice.com\/de\/katalog-des-spiels\/hirschspiel\/reh\/","title":{"rendered":"Reh"},"content":{"rendered":"\n<h3 class=\"wp-block-heading\"><strong>Capreolis capreolus<\/strong><\/h3>\n\n\n\n<p>Traditionelles Wild, das auf dem Territorium des Fasans und dar\u00fcber hinaus zu finden ist. Aufgrund des hohen N\u00e4hrwerts der Jagd erzielen Rehe sehr gute Troph\u00e4en. Unser Jagdrevier ist mit dichtem und teils un\u00fcbersichtlichem Bewuchs bewachsen, der vor allem in der Brunftzeit in dieser Richtung f\u00fcr viele angenehme \u00dcberraschungen sorgen kann. Wir jagen Rehwild mit Wartebegleitung oder im Nachlauf.<\/p>\n\n\n\n<p>Jagdzeit Reh 16.5. \u2013 30.9. (\u00d6strusperiode Juli \u2013 August)<\/p>\n\n\n\n<p>Jagdzeit Rick, Kitz 1.9. \u2013 31.12.<\/p>\n\n\n\n<figure class=\"wp-block-gallery has-nested-images columns-default is-cropped wp-block-gallery-1 is-layout-flex wp-block-gallery-is-layout-flex\">\n<figure class=\"wp-block-image size-large\"><a href=\"https:\/\/bazantnice.com\/de\/wp-content\/uploads\/sites\/4\/2024\/04\/srnci-2-scaled.jpg\"><img loading=\"lazy\" decoding=\"async\" width=\"1024\" height=\"576\" data-id=\"144\" src=\"https:\/\/bazantnice.com\/de\/wp-content\/uploads\/sites\/4\/2024\/04\/srnci-2-1024x576.jpg\" alt=\"\" class=\"wp-image-144\" srcset=\"https:\/\/bazantnice.com\/de\/wp-content\/uploads\/sites\/4\/2024\/04\/srnci-2-1024x576.jpg 1024w, https:\/\/bazantnice.com\/de\/wp-content\/uploads\/sites\/4\/2024\/04\/srnci-2-300x169.jpg 300w, https:\/\/bazantnice.com\/de\/wp-content\/uploads\/sites\/4\/2024\/04\/srnci-2-768x432.jpg 768w, https:\/\/bazantnice.com\/de\/wp-content\/uploads\/sites\/4\/2024\/04\/srnci-2-1536x864.jpg 1536w, https:\/\/bazantnice.com\/de\/wp-content\/uploads\/sites\/4\/2024\/04\/srnci-2-2048x1152.jpg 2048w\" sizes=\"auto, (max-width: 1024px) 100vw, 1024px\" \/><\/a><\/figure>\n\n\n\n<figure class=\"wp-block-image size-large\"><a href=\"https:\/\/bazantnice.com\/de\/wp-content\/uploads\/sites\/4\/2024\/04\/srnci-1-scaled.jpg\"><img loading=\"lazy\" decoding=\"async\" width=\"1024\" height=\"576\" data-id=\"143\" src=\"https:\/\/bazantnice.com\/de\/wp-content\/uploads\/sites\/4\/2024\/04\/srnci-1-1024x576.jpg\" alt=\"\" class=\"wp-image-143\" srcset=\"https:\/\/bazantnice.com\/de\/wp-content\/uploads\/sites\/4\/2024\/04\/srnci-1-1024x576.jpg 1024w, https:\/\/bazantnice.com\/de\/wp-content\/uploads\/sites\/4\/2024\/04\/srnci-1-300x169.jpg 300w, https:\/\/bazantnice.com\/de\/wp-content\/uploads\/sites\/4\/2024\/04\/srnci-1-768x432.jpg 768w, https:\/\/bazantnice.com\/de\/wp-content\/uploads\/sites\/4\/2024\/04\/srnci-1-1536x864.jpg 1536w, https:\/\/bazantnice.com\/de\/wp-content\/uploads\/sites\/4\/2024\/04\/srnci-1-2048x1152.jpg 2048w\" sizes=\"auto, (max-width: 1024px) 100vw, 1024px\" \/><\/a><\/figure>\n\n\n\n<figure class=\"wp-block-image size-large\"><a href=\"https:\/\/bazantnice.com\/de\/wp-content\/uploads\/sites\/4\/2024\/04\/srnci-4-scaled.jpg\"><img loading=\"lazy\" decoding=\"async\" width=\"1024\" height=\"576\" data-id=\"145\" src=\"https:\/\/bazantnice.com\/de\/wp-content\/uploads\/sites\/4\/2024\/04\/srnci-4-1024x576.jpg\" alt=\"\" class=\"wp-image-145\" srcset=\"https:\/\/bazantnice.com\/de\/wp-content\/uploads\/sites\/4\/2024\/04\/srnci-4-1024x576.jpg 1024w, https:\/\/bazantnice.com\/de\/wp-content\/uploads\/sites\/4\/2024\/04\/srnci-4-300x169.jpg 300w, https:\/\/bazantnice.com\/de\/wp-content\/uploads\/sites\/4\/2024\/04\/srnci-4-768x432.jpg 768w, https:\/\/bazantnice.com\/de\/wp-content\/uploads\/sites\/4\/2024\/04\/srnci-4-1536x864.jpg 1536w, https:\/\/bazantnice.com\/de\/wp-content\/uploads\/sites\/4\/2024\/04\/srnci-4-2048x1152.jpg 2048w\" sizes=\"auto, (max-width: 1024px) 100vw, 1024px\" \/><\/a><\/figure>\n\n\n\n<figure class=\"wp-block-image size-large\"><a href=\"https:\/\/bazantnice.com\/de\/wp-content\/uploads\/sites\/4\/2024\/04\/srnci-3-scaled.jpg\"><img loading=\"lazy\" decoding=\"async\" width=\"1024\" height=\"576\" data-id=\"146\" src=\"https:\/\/bazantnice.com\/de\/wp-content\/uploads\/sites\/4\/2024\/04\/srnci-3-1024x576.jpg\" alt=\"\" class=\"wp-image-146\" srcset=\"https:\/\/bazantnice.com\/de\/wp-content\/uploads\/sites\/4\/2024\/04\/srnci-3-1024x576.jpg 1024w, https:\/\/bazantnice.com\/de\/wp-content\/uploads\/sites\/4\/2024\/04\/srnci-3-300x169.jpg 300w, https:\/\/bazantnice.com\/de\/wp-content\/uploads\/sites\/4\/2024\/04\/srnci-3-768x432.jpg 768w, https:\/\/bazantnice.com\/de\/wp-content\/uploads\/sites\/4\/2024\/04\/srnci-3-1536x864.jpg 1536w, https:\/\/bazantnice.com\/de\/wp-content\/uploads\/sites\/4\/2024\/04\/srnci-3-2048x1152.jpg 2048w\" sizes=\"auto, (max-width: 1024px) 100vw, 1024px\" \/><\/a><\/figure>\n<\/figure>\n\n\n\n<p><\/p>\n\n\n\n<figure class=\"wp-block-table\"><table><tbody><tr><td>Goldmedaille<\/td><td>130+<\/td><\/tr><tr><td>Silbermedaille<\/td><td>115 \u2013 129,99<\/td><\/tr><tr><td>Bronzemedaille<\/td><td>105 \u2013 114,99<\/td><\/tr><\/tbody><\/table><\/figure>\n\n\n\n<p><\/p>\n\n\n\n<figure class=\"wp-block-table\"><table><tbody><tr><td><strong>Punkte CIC<\/strong><\/td><td><strong>K\u010d<\/strong><\/td><\/tr><tr><td>Bis zu 105<\/td><td>6 000,-<\/td><\/tr><tr><td>\u00dcber 105,01<\/td><td>12 000,-<\/td><\/tr><tr><td><\/td><td><\/td><\/tr><tr><td><strong>Kitze<\/strong><\/td><td>800,-<\/td><\/tr><tr><td><strong>Ricke<\/strong><\/td><td>1 500,-<\/td><\/tr><tr><td><strong>Spitz do 5cm<\/strong><\/td><td>1 600,-<\/td><\/tr><tr><td><\/td><td><\/td><\/tr><tr><td><strong>Pr\u00e4parationsgeb\u00fchr<\/strong><\/td><td><\/td><\/tr><tr><td>Sta\u017een\u00ed cel\u00e9ho kusu<\/td><td>1 000,-<\/td><\/tr><tr><td>Vorbereitung von Kopf und Hals<\/td><td>300,-<\/td><\/tr><tr><td>Bearbeiten der Troph\u00e4e<\/td><td>700,-<\/td><\/tr><tr><td><\/td><td><\/td><\/tr><tr><td><strong>Geb\u00fchren f\u00fcr Jagdbegleitung<\/strong><\/td><td><\/td><\/tr><tr><td>Jagdbegleitung<\/td><td>600,-<\/td><\/tr><tr><td>Quest mit einem jagdtauglichen Hund<\/td><td>1 800,-<\/td><\/tr><tr><td><\/td><td><\/td><\/tr><tr><td><strong>Geb\u00fchr f\u00fcr eine Troph\u00e4e, die nicht nach der CIC-Methode bewertet werden kann<\/strong><\/td><td>5 000,-<\/td><\/tr><tr><td>Ein Reh mit atypisch asymmetrischem und unermesslichem Geweih gilt als Rarit\u00e4t<br>unter den Rehen.<\/td><td><\/td><\/tr><\/tbody><\/table><\/figure>\n\n\n\n<p><em><em>Die Preise verstehen sich inkl. MwSt.<\/em><\/em><\/p>\n","protected":false},"excerpt":{"rendered":"<p>Capreolis capreolus Traditionelles Wild, das auf dem Territorium des Fasans und dar\u00fcber hinaus zu finden ist. Aufgrund des hohen N\u00e4hrwerts der Jagd erzielen Rehe sehr gute Troph\u00e4en. Unser Jagdrevier ist mit dichtem und teils un\u00fcbersichtlichem Bewuchs bewachsen, der vor allem in der Brunftzeit in dieser Richtung f\u00fcr viele angenehme \u00dcberraschungen sorgen kann. Wir jagen Rehwild [&hellip;]<\/p>\n","protected":false},"author":1,"featured_media":0,"parent":101,"menu_order":0,"comment_status":"closed","ping_status":"closed","template":"","meta":{"footnotes":""},"class_list":["post-114","page","type-page","status-publish","hentry"],"_links":{"self":[{"href":"https:\/\/bazantnice.com\/de\/wp-json\/wp\/v2\/pages\/114","targetHints":{"allow":["GET"]}}],"collection":[{"href":"https:\/\/bazantnice.com\/de\/wp-json\/wp\/v2\/pages"}],"about":[{"href":"https:\/\/bazantnice.com\/de\/wp-json\/wp\/v2\/types\/page"}],"author":[{"embeddable":true,"href":"https:\/\/bazantnice.com\/de\/wp-json\/wp\/v2\/users\/1"}],"replies":[{"embeddable":true,"href":"https:\/\/bazantnice.com\/de\/wp-json\/wp\/v2\/comments?post=114"}],"version-history":[{"count":3,"href":"https:\/\/bazantnice.com\/de\/wp-json\/wp\/v2\/pages\/114\/revisions"}],"predecessor-version":[{"id":147,"href":"https:\/\/bazantnice.com\/de\/wp-json\/wp\/v2\/pages\/114\/revisions\/147"}],"up":[{"embeddable":true,"href":"https:\/\/bazantnice.com\/de\/wp-json\/wp\/v2\/pages\/101"}],"wp:attachment":[{"href":"https:\/\/bazantnice.com\/de\/wp-json\/wp\/v2\/media?parent=114"}],"curies":[{"name":"wp","href":"https:\/\/api.w.org\/{rel}","templated":true}]}}