{"id":101,"date":"2024-04-11T10:11:29","date_gmt":"2024-04-11T08:11:29","guid":{"rendered":"https:\/\/bazantnice.com\/de\/?page_id=101"},"modified":"2024-04-11T10:37:03","modified_gmt":"2024-04-11T08:37:03","slug":"hirschspiel","status":"publish","type":"page","link":"https:\/\/bazantnice.com\/de\/katalog-des-spiels\/hirschspiel\/","title":{"rendered":"Hirschspiel"},"content":{"rendered":"\n<div class=\"wp-block-columns is-layout-flex wp-container-core-columns-is-layout-28f84493 wp-block-columns-is-layout-flex\">\n<div class=\"wp-block-column is-layout-flow wp-block-column-is-layout-flow\">\n<figure class=\"wp-block-image size-full has-custom-border\"><a href=\"https:\/\/bazantnice.com\/de\/katalog-des-spiels\/hirschspiel\/damhirsch\/\"><img loading=\"lazy\" decoding=\"async\" width=\"500\" height=\"375\" src=\"https:\/\/bazantnice.com\/de\/wp-content\/uploads\/sites\/4\/2024\/04\/danci-zver.jpg\" alt=\"\" class=\"wp-image-102\" style=\"border-radius:10px;aspect-ratio:4\/3;object-fit:cover\" srcset=\"https:\/\/bazantnice.com\/de\/wp-content\/uploads\/sites\/4\/2024\/04\/danci-zver.jpg 500w, https:\/\/bazantnice.com\/de\/wp-content\/uploads\/sites\/4\/2024\/04\/danci-zver-300x225.jpg 300w\" sizes=\"auto, (max-width: 500px) 100vw, 500px\" \/><\/a><\/figure>\n\n\n\n<h3 class=\"wp-block-heading has-text-align-center\" style=\"margin-top:var(--wp--preset--spacing--x-small);margin-bottom:var(--wp--preset--spacing--x-small)\"><a href=\"https:\/\/bazantnice.com\/de\/katalog-des-spiels\/hirschspiel\/damhirsch\/\" data-type=\"page\" data-id=\"110\">Damhirsch<\/a><\/h3>\n<\/div>\n\n\n\n<div class=\"wp-block-column is-layout-flow wp-block-column-is-layout-flow\">\n<figure class=\"wp-block-image size-full has-custom-border\"><a href=\"https:\/\/bazantnice.com\/de\/katalog-des-spiels\/hirschspiel\/dybowski-hirsch\/\"><img loading=\"lazy\" decoding=\"async\" width=\"500\" height=\"375\" src=\"https:\/\/bazantnice.com\/de\/wp-content\/uploads\/sites\/4\/2024\/04\/jeleni-zver-1.jpg\" alt=\"\" class=\"wp-image-103\" style=\"border-radius:10px;aspect-ratio:4\/3;object-fit:cover\" srcset=\"https:\/\/bazantnice.com\/de\/wp-content\/uploads\/sites\/4\/2024\/04\/jeleni-zver-1.jpg 500w, https:\/\/bazantnice.com\/de\/wp-content\/uploads\/sites\/4\/2024\/04\/jeleni-zver-1-300x225.jpg 300w\" sizes=\"auto, (max-width: 500px) 100vw, 500px\" \/><\/a><\/figure>\n\n\n\n<h3 class=\"wp-block-heading has-text-align-center\" style=\"margin-top:var(--wp--preset--spacing--x-small);margin-bottom:var(--wp--preset--spacing--x-small)\"><a href=\"https:\/\/bazantnice.com\/de\/katalog-des-spiels\/hirschspiel\/dybowski-hirsch\/\" data-type=\"page\" data-id=\"112\">Dybowski-Hirsch<\/a><\/h3>\n<\/div>\n\n\n\n<div class=\"wp-block-column is-layout-flow wp-block-column-is-layout-flow\">\n<figure class=\"wp-block-image size-full has-custom-border\"><a href=\"https:\/\/bazantnice.com\/de\/katalog-des-spiels\/hirschspiel\/europaeischer-mufflon\/\"><img loading=\"lazy\" decoding=\"async\" width=\"500\" height=\"375\" src=\"https:\/\/bazantnice.com\/de\/wp-content\/uploads\/sites\/4\/2024\/04\/mufloni-zver.jpg\" alt=\"\" class=\"wp-image-104\" style=\"border-radius:10px;aspect-ratio:4\/3;object-fit:cover\" srcset=\"https:\/\/bazantnice.com\/de\/wp-content\/uploads\/sites\/4\/2024\/04\/mufloni-zver.jpg 500w, https:\/\/bazantnice.com\/de\/wp-content\/uploads\/sites\/4\/2024\/04\/mufloni-zver-300x225.jpg 300w\" sizes=\"auto, (max-width: 500px) 100vw, 500px\" \/><\/a><\/figure>\n\n\n\n<h3 class=\"wp-block-heading has-text-align-center\" style=\"margin-top:var(--wp--preset--spacing--x-small);margin-bottom:var(--wp--preset--spacing--x-small)\"><a href=\"https:\/\/bazantnice.com\/de\/katalog-des-spiels\/hirschspiel\/europaeischer-mufflon\/\" data-type=\"page\" data-id=\"108\">Europ\u00e4ischer Mufflon<\/a><\/h3>\n<\/div>\n\n\n\n<div class=\"wp-block-column is-layout-flow wp-block-column-is-layout-flow\">\n<figure class=\"wp-block-image size-full has-custom-border\"><a href=\"https:\/\/bazantnice.com\/de\/katalog-des-spiels\/hirschspiel\/reh\/\"><img loading=\"lazy\" decoding=\"async\" width=\"500\" height=\"375\" src=\"https:\/\/bazantnice.com\/de\/wp-content\/uploads\/sites\/4\/2024\/04\/srnci-zver.jpg\" alt=\"\" class=\"wp-image-105\" style=\"border-radius:10px;aspect-ratio:4\/3;object-fit:cover\" srcset=\"https:\/\/bazantnice.com\/de\/wp-content\/uploads\/sites\/4\/2024\/04\/srnci-zver.jpg 500w, https:\/\/bazantnice.com\/de\/wp-content\/uploads\/sites\/4\/2024\/04\/srnci-zver-300x225.jpg 300w\" sizes=\"auto, (max-width: 500px) 100vw, 500px\" \/><\/a><\/figure>\n\n\n\n<h3 class=\"wp-block-heading has-text-align-center\" style=\"margin-top:var(--wp--preset--spacing--x-small);margin-bottom:var(--wp--preset--spacing--x-small)\"><a href=\"https:\/\/bazantnice.com\/de\/katalog-des-spiels\/hirschspiel\/reh\/\" data-type=\"page\" data-id=\"114\">Reh<\/a><\/h3>\n<\/div>\n<\/div>\n\n\n\n<h3 class=\"wp-block-heading\" style=\"margin-top:var(--wp--preset--spacing--x-large)\">Allgemeine Informationen zur Schalenwildjagd<\/h3>\n\n\n\n<ol class=\"wp-block-list\">\n<li>Bei der Jagd auf Schalen- und Schwarzwild wird der Jagdgast von einer Jagdbegleitung begleitet. Das Betreten des Gel\u00e4ndes mit einer Schusswaffe ohne eine bestimmte Begleitperson ist verboten.<\/li>\n\n\n\n<li>Troph\u00e4en werden durch Kochen und einfaches Bleichen hergestellt. Sie k\u00f6nnen innerhalb von 48 Stunden nach dem Fang begutachtet und einem ausl\u00e4ndischen Gast \u00fcbergeben werden.<\/li>\n\n\n\n<li>Die Bewertung der CIC-Punkttroph\u00e4en erfolgt durch qualifizierte Mitarbeiter nach international g\u00fcltigen Regeln. Die H\u00f6he der Schie\u00dfgeb\u00fchren richtet sich nach der Punktewertung der Troph\u00e4e.<\/li>\n\n\n\n<li>Der Wert der CIC-Troph\u00e4en wird im frischen Zustand ermittelt und ausschlie\u00dflich f\u00fcr kommerzielle Zwecke gem\u00e4\u00df dieser Preisliste verwendet. Daher kann es sein, dass er nicht mit dem CIC-Wert \u00fcbereinstimmt, der nach der vorgeschriebenen Trocknung und Fixierung der Troph\u00e4e ermittelt wurde.<\/li>\n\n\n\n<li>F\u00fcr den Abschuss bzw. Abschuss von unerlaubtem Wild durch den Guide wird ein Aufschlag von 100 % auf den in der Preisliste genannten Preis berechnet.<\/li>\n\n\n\n<li>Als verbindlich angeordnete Jagdveranstaltung gilt eine Veranstaltung, f\u00fcr die eine Anzahlung gem\u00e4\u00df den Bestimmungen f\u00fcr die einzelnen Wildarten geleistet wurde.<\/li>\n\n\n\n<li>Jeder Jagdgast ist verpflichtet, einen g\u00fcltigen Jagdschein inklusive einer in der Tschechischen Republik g\u00fcltigen Rechtsschutzversicherung vorzulegen. Inl\u00e4ndische J\u00e4ger m\u00fcssen einen Waffenschein und einen Waffenschein vorlegen, Ausl\u00e4nder m\u00fcssen einen Waffenschein vorlegen. Zur Ausstellung eines Jagdscheins f\u00fcr Ausl\u00e4nder ist vorab eine Kopie eines g\u00fcltigen Jagdscheins und ein Nachweis \u00fcber die Zahlung der Versicherungspr\u00e4mie im Jahr der Jagdveranstaltung einzusenden.<\/li>\n\n\n\n<li>Der Jagdgast ist verpflichtet, die Rechnung vor der Abreise aus der Tschechischen Republik zu begleichen.<\/li>\n\n\n\n<li>Die Preise f\u00fcr Jagdkarten, die in der Tschechischen Republik gekauft wurden, und f\u00fcr die tschechische Versicherung k\u00f6nnen entsprechend den aktuellen Preisen angepasst werden.<\/li>\n<\/ol>\n","protected":false},"excerpt":{"rendered":"<p>Damhirsch Dybowski-Hirsch Europ\u00e4ischer Mufflon Reh Allgemeine Informationen zur Schalenwildjagd<\/p>\n","protected":false},"author":1,"featured_media":0,"parent":61,"menu_order":0,"comment_status":"closed","ping_status":"closed","template":"","meta":{"footnotes":""},"class_list":["post-101","page","type-page","status-publish","hentry"],"_links":{"self":[{"href":"https:\/\/bazantnice.com\/de\/wp-json\/wp\/v2\/pages\/101","targetHints":{"allow":["GET"]}}],"collection":[{"href":"https:\/\/bazantnice.com\/de\/wp-json\/wp\/v2\/pages"}],"about":[{"href":"https:\/\/bazantnice.com\/de\/wp-json\/wp\/v2\/types\/page"}],"author":[{"embeddable":true,"href":"https:\/\/bazantnice.com\/de\/wp-json\/wp\/v2\/users\/1"}],"replies":[{"embeddable":true,"href":"https:\/\/bazantnice.com\/de\/wp-json\/wp\/v2\/comments?post=101"}],"version-history":[{"count":3,"href":"https:\/\/bazantnice.com\/de\/wp-json\/wp\/v2\/pages\/101\/revisions"}],"predecessor-version":[{"id":119,"href":"https:\/\/bazantnice.com\/de\/wp-json\/wp\/v2\/pages\/101\/revisions\/119"}],"up":[{"embeddable":true,"href":"https:\/\/bazantnice.com\/de\/wp-json\/wp\/v2\/pages\/61"}],"wp:attachment":[{"href":"https:\/\/bazantnice.com\/de\/wp-json\/wp\/v2\/media?parent=101"}],"curies":[{"name":"wp","href":"https:\/\/api.w.org\/{rel}","templated":true}]}}