{"id":58,"date":"2024-01-22T20:02:23","date_gmt":"2024-01-22T19:02:23","guid":{"rendered":"https:\/\/bazantnice.com\/cs\/?page_id=58"},"modified":"2024-01-29T19:46:44","modified_gmt":"2024-01-29T18:46:44","slug":"bazant-kralovsky","status":"publish","type":"page","link":"https:\/\/bazantnice.com\/cs\/katalog-zvere\/drobna-zver\/bazant-kralovsky\/","title":{"rendered":"Ba\u017eant kr\u00e1lovsk\u00fd"},"content":{"rendered":"\n<h3 class=\"wp-block-heading\"><strong>Syrmaticus reevesil<\/strong><\/h3>\n\n\n\n<p>Lov jednoho z druh\u016f na\u0161\u00ed vysok\u00e9 pernat\u00e9 prob\u00edha \u0161oul\u00e1n\u00edm bez pou\u017eit\u00ed psa v lokalit\u00e1ch denn\u00edch st\u00e1vani\u0161\u0165. Lov\u00ed se za \u00fa\u010dasti loveck\u00e9ho doprovodu kulovnic\u00ed mal\u00e9 r\u00e1\u017ee, nebo brokovnic\u00ed.<\/p>\n\n\n\n<figure class=\"wp-block-gallery has-nested-images columns-default is-cropped wp-block-gallery-1 is-layout-flex wp-block-gallery-is-layout-flex\">\n<figure class=\"wp-block-image size-large\"><a href=\"https:\/\/bazantnice.com\/cs\/wp-content\/uploads\/sites\/2\/2024\/01\/drubez-1-scaled.jpg\"><img loading=\"lazy\" decoding=\"async\" width=\"1024\" height=\"576\" data-id=\"242\" src=\"https:\/\/bazantnice.com\/cs\/wp-content\/uploads\/sites\/2\/2024\/01\/drubez-1-1024x576.jpg\" alt=\"\" class=\"wp-image-242\" srcset=\"https:\/\/bazantnice.com\/cs\/wp-content\/uploads\/sites\/2\/2024\/01\/drubez-1-1024x576.jpg 1024w, https:\/\/bazantnice.com\/cs\/wp-content\/uploads\/sites\/2\/2024\/01\/drubez-1-300x169.jpg 300w, https:\/\/bazantnice.com\/cs\/wp-content\/uploads\/sites\/2\/2024\/01\/drubez-1-768x432.jpg 768w, https:\/\/bazantnice.com\/cs\/wp-content\/uploads\/sites\/2\/2024\/01\/drubez-1-1536x864.jpg 1536w, https:\/\/bazantnice.com\/cs\/wp-content\/uploads\/sites\/2\/2024\/01\/drubez-1-2048x1152.jpg 2048w\" sizes=\"auto, (max-width: 1024px) 100vw, 1024px\" \/><\/a><\/figure>\n\n\n\n<figure class=\"wp-block-image size-large\"><a href=\"https:\/\/bazantnice.com\/cs\/wp-content\/uploads\/sites\/2\/2024\/01\/drubez-2.jpg\"><img loading=\"lazy\" decoding=\"async\" width=\"1024\" height=\"576\" data-id=\"241\" src=\"https:\/\/bazantnice.com\/cs\/wp-content\/uploads\/sites\/2\/2024\/01\/drubez-2-1024x576.jpg\" alt=\"\" class=\"wp-image-241\" srcset=\"https:\/\/bazantnice.com\/cs\/wp-content\/uploads\/sites\/2\/2024\/01\/drubez-2-1024x576.jpg 1024w, https:\/\/bazantnice.com\/cs\/wp-content\/uploads\/sites\/2\/2024\/01\/drubez-2-300x169.jpg 300w, https:\/\/bazantnice.com\/cs\/wp-content\/uploads\/sites\/2\/2024\/01\/drubez-2-768x432.jpg 768w, https:\/\/bazantnice.com\/cs\/wp-content\/uploads\/sites\/2\/2024\/01\/drubez-2-1536x864.jpg 1536w, https:\/\/bazantnice.com\/cs\/wp-content\/uploads\/sites\/2\/2024\/01\/drubez-2.jpg 1920w\" sizes=\"auto, (max-width: 1024px) 100vw, 1024px\" \/><\/a><\/figure>\n\n\n\n<figure class=\"wp-block-image size-large\"><a href=\"https:\/\/bazantnice.com\/cs\/wp-content\/uploads\/sites\/2\/2024\/01\/drubez-3-scaled.jpg\"><img loading=\"lazy\" decoding=\"async\" width=\"1024\" height=\"576\" data-id=\"245\" src=\"https:\/\/bazantnice.com\/cs\/wp-content\/uploads\/sites\/2\/2024\/01\/drubez-3-1024x576.jpg\" alt=\"\" class=\"wp-image-245\" srcset=\"https:\/\/bazantnice.com\/cs\/wp-content\/uploads\/sites\/2\/2024\/01\/drubez-3-1024x576.jpg 1024w, https:\/\/bazantnice.com\/cs\/wp-content\/uploads\/sites\/2\/2024\/01\/drubez-3-300x169.jpg 300w, https:\/\/bazantnice.com\/cs\/wp-content\/uploads\/sites\/2\/2024\/01\/drubez-3-768x432.jpg 768w, https:\/\/bazantnice.com\/cs\/wp-content\/uploads\/sites\/2\/2024\/01\/drubez-3-1536x864.jpg 1536w, https:\/\/bazantnice.com\/cs\/wp-content\/uploads\/sites\/2\/2024\/01\/drubez-3-2048x1152.jpg 2048w\" sizes=\"auto, (max-width: 1024px) 100vw, 1024px\" \/><\/a><\/figure>\n\n\n\n<figure class=\"wp-block-image size-large\"><a href=\"https:\/\/bazantnice.com\/cs\/wp-content\/uploads\/sites\/2\/2024\/01\/drubez-4-scaled.jpg\"><img loading=\"lazy\" decoding=\"async\" width=\"1024\" height=\"576\" data-id=\"243\" src=\"https:\/\/bazantnice.com\/cs\/wp-content\/uploads\/sites\/2\/2024\/01\/drubez-4-1024x576.jpg\" alt=\"\" class=\"wp-image-243\" srcset=\"https:\/\/bazantnice.com\/cs\/wp-content\/uploads\/sites\/2\/2024\/01\/drubez-4-1024x576.jpg 1024w, https:\/\/bazantnice.com\/cs\/wp-content\/uploads\/sites\/2\/2024\/01\/drubez-4-300x169.jpg 300w, https:\/\/bazantnice.com\/cs\/wp-content\/uploads\/sites\/2\/2024\/01\/drubez-4-768x432.jpg 768w, https:\/\/bazantnice.com\/cs\/wp-content\/uploads\/sites\/2\/2024\/01\/drubez-4-1536x864.jpg 1536w, https:\/\/bazantnice.com\/cs\/wp-content\/uploads\/sites\/2\/2024\/01\/drubez-4-2048x1152.jpg 2048w\" sizes=\"auto, (max-width: 1024px) 100vw, 1024px\" \/><\/a><\/figure>\n\n\n\n<figure class=\"wp-block-image size-large\"><a href=\"https:\/\/bazantnice.com\/cs\/wp-content\/uploads\/sites\/2\/2024\/01\/drubez-5-scaled.jpg\"><img loading=\"lazy\" decoding=\"async\" width=\"1024\" height=\"576\" data-id=\"244\" src=\"https:\/\/bazantnice.com\/cs\/wp-content\/uploads\/sites\/2\/2024\/01\/drubez-5-1024x576.jpg\" alt=\"\" class=\"wp-image-244\" srcset=\"https:\/\/bazantnice.com\/cs\/wp-content\/uploads\/sites\/2\/2024\/01\/drubez-5-1024x576.jpg 1024w, https:\/\/bazantnice.com\/cs\/wp-content\/uploads\/sites\/2\/2024\/01\/drubez-5-300x169.jpg 300w, https:\/\/bazantnice.com\/cs\/wp-content\/uploads\/sites\/2\/2024\/01\/drubez-5-768x432.jpg 768w, https:\/\/bazantnice.com\/cs\/wp-content\/uploads\/sites\/2\/2024\/01\/drubez-5-1536x864.jpg 1536w, https:\/\/bazantnice.com\/cs\/wp-content\/uploads\/sites\/2\/2024\/01\/drubez-5-2048x1152.jpg 2048w\" sizes=\"auto, (max-width: 1024px) 100vw, 1024px\" \/><\/a><\/figure>\n\n\n\n<figure class=\"wp-block-image size-large\"><a href=\"https:\/\/bazantnice.com\/cs\/wp-content\/uploads\/sites\/2\/2024\/01\/drubez-6-scaled.jpg\"><img loading=\"lazy\" decoding=\"async\" width=\"1024\" height=\"576\" data-id=\"246\" src=\"https:\/\/bazantnice.com\/cs\/wp-content\/uploads\/sites\/2\/2024\/01\/drubez-6-1024x576.jpg\" alt=\"\" class=\"wp-image-246\" srcset=\"https:\/\/bazantnice.com\/cs\/wp-content\/uploads\/sites\/2\/2024\/01\/drubez-6-1024x576.jpg 1024w, https:\/\/bazantnice.com\/cs\/wp-content\/uploads\/sites\/2\/2024\/01\/drubez-6-300x169.jpg 300w, https:\/\/bazantnice.com\/cs\/wp-content\/uploads\/sites\/2\/2024\/01\/drubez-6-768x432.jpg 768w, https:\/\/bazantnice.com\/cs\/wp-content\/uploads\/sites\/2\/2024\/01\/drubez-6-1536x864.jpg 1536w, https:\/\/bazantnice.com\/cs\/wp-content\/uploads\/sites\/2\/2024\/01\/drubez-6-2048x1152.jpg 2048w\" sizes=\"auto, (max-width: 1024px) 100vw, 1024px\" \/><\/a><\/figure>\n<\/figure>\n\n\n\n<p><\/p>\n\n\n\n<figure class=\"wp-block-table\"><table><tbody><tr><td>Cena d\u00e9lka kl\u00ednu do 1 m<\/td><td>1 500 K\u010d<\/td><\/tr><tr><td>D\u00e9lka kl\u00ednu od 101 cm do 140 cm<\/td><td>2 000 K\u010d<\/td><\/tr><tr><td>D\u00e9lka kl\u00ednu 141 cm a v\u00edce<\/td><td>2 500 K\u010d<\/td><\/tr><tr><td>za ka\u017ed\u00fdch dal\u0161\u00edch 5 cm<\/td><td>+ 200 K\u010d<\/td><\/tr><\/tbody><\/table><\/figure>\n","protected":false},"excerpt":{"rendered":"<p>Syrmaticus reevesil Lov jednoho z druh\u016f na\u0161\u00ed vysok\u00e9 pernat\u00e9 prob\u00edha \u0161oul\u00e1n\u00edm bez pou\u017eit\u00ed psa v lokalit\u00e1ch denn\u00edch st\u00e1vani\u0161\u0165. Lov\u00ed se za \u00fa\u010dasti loveck\u00e9ho doprovodu kulovnic\u00ed mal\u00e9 r\u00e1\u017ee, nebo brokovnic\u00ed. Cena d\u00e9lka kl\u00ednu do 1 m 1 500 K\u010d D\u00e9lka kl\u00ednu od 101 cm do 140 cm 2 000 K\u010d D\u00e9lka kl\u00ednu 141 cm a v\u00edce [&hellip;]<\/p>\n","protected":false},"author":1,"featured_media":0,"parent":23,"menu_order":0,"comment_status":"closed","ping_status":"closed","template":"","meta":{"footnotes":""},"class_list":["post-58","page","type-page","status-publish","hentry"],"_links":{"self":[{"href":"https:\/\/bazantnice.com\/cs\/wp-json\/wp\/v2\/pages\/58","targetHints":{"allow":["GET"]}}],"collection":[{"href":"https:\/\/bazantnice.com\/cs\/wp-json\/wp\/v2\/pages"}],"about":[{"href":"https:\/\/bazantnice.com\/cs\/wp-json\/wp\/v2\/types\/page"}],"author":[{"embeddable":true,"href":"https:\/\/bazantnice.com\/cs\/wp-json\/wp\/v2\/users\/1"}],"replies":[{"embeddable":true,"href":"https:\/\/bazantnice.com\/cs\/wp-json\/wp\/v2\/comments?post=58"}],"version-history":[{"count":3,"href":"https:\/\/bazantnice.com\/cs\/wp-json\/wp\/v2\/pages\/58\/revisions"}],"predecessor-version":[{"id":266,"href":"https:\/\/bazantnice.com\/cs\/wp-json\/wp\/v2\/pages\/58\/revisions\/266"}],"up":[{"embeddable":true,"href":"https:\/\/bazantnice.com\/cs\/wp-json\/wp\/v2\/pages\/23"}],"wp:attachment":[{"href":"https:\/\/bazantnice.com\/cs\/wp-json\/wp\/v2\/media?parent=58"}],"curies":[{"name":"wp","href":"https:\/\/api.w.org\/{rel}","templated":true}]}}