{"id":50,"date":"2024-01-22T19:36:00","date_gmt":"2024-01-22T18:36:00","guid":{"rendered":"https:\/\/bazantnice.com\/cs\/?page_id=50"},"modified":"2024-02-02T09:37:08","modified_gmt":"2024-02-02T08:37:08","slug":"danci-zver","status":"publish","type":"page","link":"https:\/\/bazantnice.com\/cs\/katalog-zvere\/sparkata-zver\/danci-zver\/","title":{"rendered":"Dan\u010d\u00ed zv\u011b\u0159"},"content":{"rendered":"\n<h3 class=\"wp-block-heading\"><strong>Dama dama<\/strong><\/h3>\n\n\n\n<p>V r\u00e1mci na\u0161\u00ed ba\u017eantnice nab\u00edz\u00edme tak\u00e9 individu\u00e1ln\u00ed poplatkov\u00fd lov zv\u011b\u0159e dan\u010d\u00ed. D\u00edky p\u0159\u00edzniv\u00fdm p\u0159\u00edrodn\u00edm podm\u00ednk\u00e1m, vhodn\u00e9 p\u00e9\u010di a kvalitn\u00edmu genofondu zv\u011b\u0159e dosahujeme v jej\u00edm chovu v\u00fdznamn\u00fdch \u00fasp\u011bch\u016f. Proto i trofeje u n\u00e1s uloven\u00e9 jsou pak d\u00edky m\u00edstn\u00edm podm\u00ednk\u00e1m d\u016fkazem skv\u011bl\u00fdch loveck\u00fdch z\u00e1\u017eitk\u016f. Lov v ba\u017eantnici si svoj\u00ed n\u00e1ro\u010dnost\u00ed v ni\u010dem nezavd\u00e1 s lovem ve voln\u00e9 honitb\u011b. Zv\u011b\u0159 dan\u010d\u00ed lov\u00edme tradi\u010dn\u011b \u0161oul\u00e1n\u00edm a na \u010dekan\u00e9.<\/p>\n\n\n\n<p>Doba lovu 16.8. \u2013 31.12. (doba \u0159\u00edje \u0159\u00edjen \u2013 listopad)<\/p>\n\n\n\n<figure class=\"wp-block-gallery has-nested-images columns-3 is-cropped wp-block-gallery-1 is-layout-flex wp-block-gallery-is-layout-flex\">\n<figure class=\"wp-block-image size-large\"><a href=\"https:\/\/bazantnice.com\/cs\/wp-content\/uploads\/sites\/2\/2024\/01\/danci-1-scaled.jpg\"><img loading=\"lazy\" decoding=\"async\" width=\"1024\" height=\"576\" data-id=\"220\" src=\"https:\/\/bazantnice.com\/cs\/wp-content\/uploads\/sites\/2\/2024\/01\/danci-1-1024x576.jpg\" alt=\"\" class=\"wp-image-220\" srcset=\"https:\/\/bazantnice.com\/cs\/wp-content\/uploads\/sites\/2\/2024\/01\/danci-1-1024x576.jpg 1024w, https:\/\/bazantnice.com\/cs\/wp-content\/uploads\/sites\/2\/2024\/01\/danci-1-300x169.jpg 300w, https:\/\/bazantnice.com\/cs\/wp-content\/uploads\/sites\/2\/2024\/01\/danci-1-768x432.jpg 768w, https:\/\/bazantnice.com\/cs\/wp-content\/uploads\/sites\/2\/2024\/01\/danci-1-1536x864.jpg 1536w, https:\/\/bazantnice.com\/cs\/wp-content\/uploads\/sites\/2\/2024\/01\/danci-1-2048x1152.jpg 2048w\" sizes=\"auto, (max-width: 1024px) 100vw, 1024px\" \/><\/a><\/figure>\n\n\n\n<figure class=\"wp-block-image size-large\"><a href=\"https:\/\/bazantnice.com\/cs\/wp-content\/uploads\/sites\/2\/2024\/01\/danci-2-scaled.jpg\"><img loading=\"lazy\" decoding=\"async\" width=\"1024\" height=\"576\" data-id=\"219\" src=\"https:\/\/bazantnice.com\/cs\/wp-content\/uploads\/sites\/2\/2024\/01\/danci-2-1024x576.jpg\" alt=\"\" class=\"wp-image-219\" srcset=\"https:\/\/bazantnice.com\/cs\/wp-content\/uploads\/sites\/2\/2024\/01\/danci-2-1024x576.jpg 1024w, https:\/\/bazantnice.com\/cs\/wp-content\/uploads\/sites\/2\/2024\/01\/danci-2-300x169.jpg 300w, https:\/\/bazantnice.com\/cs\/wp-content\/uploads\/sites\/2\/2024\/01\/danci-2-768x432.jpg 768w, https:\/\/bazantnice.com\/cs\/wp-content\/uploads\/sites\/2\/2024\/01\/danci-2-1536x864.jpg 1536w, https:\/\/bazantnice.com\/cs\/wp-content\/uploads\/sites\/2\/2024\/01\/danci-2-2048x1152.jpg 2048w\" sizes=\"auto, (max-width: 1024px) 100vw, 1024px\" \/><\/a><\/figure>\n\n\n\n<figure class=\"wp-block-image size-large\"><a href=\"https:\/\/bazantnice.com\/cs\/wp-content\/uploads\/sites\/2\/2024\/01\/danci-4-scaled.jpg\"><img loading=\"lazy\" decoding=\"async\" width=\"1024\" height=\"576\" data-id=\"221\" src=\"https:\/\/bazantnice.com\/cs\/wp-content\/uploads\/sites\/2\/2024\/01\/danci-4-1024x576.jpg\" alt=\"\" class=\"wp-image-221\" srcset=\"https:\/\/bazantnice.com\/cs\/wp-content\/uploads\/sites\/2\/2024\/01\/danci-4-1024x576.jpg 1024w, https:\/\/bazantnice.com\/cs\/wp-content\/uploads\/sites\/2\/2024\/01\/danci-4-300x169.jpg 300w, https:\/\/bazantnice.com\/cs\/wp-content\/uploads\/sites\/2\/2024\/01\/danci-4-768x432.jpg 768w, https:\/\/bazantnice.com\/cs\/wp-content\/uploads\/sites\/2\/2024\/01\/danci-4-1536x864.jpg 1536w, https:\/\/bazantnice.com\/cs\/wp-content\/uploads\/sites\/2\/2024\/01\/danci-4-2048x1152.jpg 2048w\" sizes=\"auto, (max-width: 1024px) 100vw, 1024px\" \/><\/a><\/figure>\n\n\n\n<figure class=\"wp-block-image size-large\"><a href=\"https:\/\/bazantnice.com\/cs\/wp-content\/uploads\/sites\/2\/2024\/01\/danci-3-scaled.jpg\"><img loading=\"lazy\" decoding=\"async\" width=\"1024\" height=\"576\" data-id=\"218\" src=\"https:\/\/bazantnice.com\/cs\/wp-content\/uploads\/sites\/2\/2024\/01\/danci-3-1024x576.jpg\" alt=\"\" class=\"wp-image-218\" srcset=\"https:\/\/bazantnice.com\/cs\/wp-content\/uploads\/sites\/2\/2024\/01\/danci-3-1024x576.jpg 1024w, https:\/\/bazantnice.com\/cs\/wp-content\/uploads\/sites\/2\/2024\/01\/danci-3-300x169.jpg 300w, https:\/\/bazantnice.com\/cs\/wp-content\/uploads\/sites\/2\/2024\/01\/danci-3-768x432.jpg 768w, https:\/\/bazantnice.com\/cs\/wp-content\/uploads\/sites\/2\/2024\/01\/danci-3-1536x864.jpg 1536w, https:\/\/bazantnice.com\/cs\/wp-content\/uploads\/sites\/2\/2024\/01\/danci-3-2048x1152.jpg 2048w\" sizes=\"auto, (max-width: 1024px) 100vw, 1024px\" \/><\/a><\/figure>\n<\/figure>\n\n\n\n<p><\/p>\n\n\n\n<figure class=\"wp-block-table is-style-regular\"><table><tbody><tr><td>Zlat\u00e1 medaile<\/td><td>180+<\/td><\/tr><tr><td>St\u0159\u00edbrn\u00e1 medaile<\/td><td>170,00 \u2013 179,99<\/td><\/tr><tr><td>Bronzov\u00e1 medaile<\/td><td>160,00 \u2013 169,99<\/td><\/tr><\/tbody><\/table><\/figure>\n\n\n\n<figure class=\"wp-block-table is-style-regular\"><table><tbody><tr><td><strong>Body CIC<\/strong><\/td><td><strong>K\u010d<\/strong><\/td><\/tr><tr><td>Do 140<\/td><td>17 000,-<\/td><\/tr><tr><td>140,01 \u2013 145<\/td><td>20 000,-<\/td><\/tr><tr><td>145,01 \u2013 150<\/td><td>23 000,-<\/td><\/tr><tr><td>150,01 \u2013 155<\/td><td>28 000,-<\/td><\/tr><tr><td>155,01 \u2013 160<\/td><td>31 000,-<\/td><\/tr><tr><td>160,01 \u2013 165<\/td><td>35 000,-<\/td><\/tr><tr><td>165,01 \u2013 170<\/td><td>42 000,-<\/td><\/tr><tr><td>170,01 \u2013 175<\/td><td>48 000,-<\/td><\/tr><tr><td>175,01 \u2013 180<\/td><td>55 000,-<\/td><\/tr><tr><td><strong>Za ka\u017ed\u00fd dal\u0161\u00ed bod<\/strong><\/td><td><\/td><\/tr><tr><td>180,01+<\/td><td>3 000,-<\/td><\/tr><tr><td><\/td><td><\/td><\/tr><tr><td><strong>Dan\u010de<\/strong><\/td><td>800,-<\/td><\/tr><tr><td><strong>Dan\u011bla<\/strong><\/td><td>1 500,-<\/td><\/tr><tr><td><strong>\u0160pi\u010d\u00e1k<\/strong><\/td><td>2 500,-<\/td><\/tr><tr><td><\/td><td><\/td><\/tr><tr><td><strong>Post\u0159elen\u00ed<\/strong><\/td><td><\/td><\/tr><tr><td>dan\u011bk<\/td><td>1 500,-<\/td><\/tr><tr><td>dan\u011bla, dan\u010de<\/td><td>500,-<\/td><\/tr><tr><td><\/td><td><\/td><\/tr><tr><td><strong>Poplatek za preparaci<\/strong><\/td><td><\/td><\/tr><tr><td>Sta\u017een\u00ed cel\u00e9ho kusu<\/td><td>1 000,-<\/td><\/tr><tr><td>Sta\u017een\u00ed hlavy s krkem<\/td><td>700,-<\/td><\/tr><tr><td>\u00daprava trofeje<\/td><td>900,-<\/td><\/tr><tr><td><\/td><td><\/td><\/tr><tr><td><strong>Poplatky za loveck\u00fd doprovod<\/strong><\/td><td><\/td><\/tr><tr><td>Dohled\u00e1vka s loveck\u00fdm upot\u0159ebiteln\u00fdm psem<\/td><td>1 800,-<\/td><\/tr><tr><td><\/td><td><\/td><\/tr><tr><td><strong>Poplatek za trofej, kterou nelze ohodnotit metodou CIC<\/strong><\/td><td><\/td><\/tr><tr><td>Rarita v I. v\u011bkov\u00e9 t\u0159\u00edd\u011b<\/td><td>7 000,-<\/td><\/tr><tr><td>Rarita ve II. v\u011bkov\u00e9 t\u0159\u00edd\u011b<\/td><td>12 000,-<\/td><\/tr><tr><td>Rarita ve III. v\u011bkov\u00e9 t\u0159\u00edd\u011b<\/td><td>18 000,-<\/td><\/tr><tr><td>Za raritu u dan\u010d\u00ed zv\u011b\u0159e je pova\u017eov\u00e1n dan\u011bk s atypick\u00fdm nesoum\u011brn\u00fdm a nem\u011b\u0159iteln\u00fdm paro\u017e\u00edm.<\/td><td><\/td><\/tr><\/tbody><\/table><\/figure>\n\n\n\n<p><em>Ceny jsou v\u010d. DPH.<\/em><\/p>\n","protected":false},"excerpt":{"rendered":"<p>Dama dama V r\u00e1mci na\u0161\u00ed ba\u017eantnice nab\u00edz\u00edme tak\u00e9 individu\u00e1ln\u00ed poplatkov\u00fd lov zv\u011b\u0159e dan\u010d\u00ed. D\u00edky p\u0159\u00edzniv\u00fdm p\u0159\u00edrodn\u00edm podm\u00ednk\u00e1m, vhodn\u00e9 p\u00e9\u010di a kvalitn\u00edmu genofondu zv\u011b\u0159e dosahujeme v jej\u00edm chovu v\u00fdznamn\u00fdch \u00fasp\u011bch\u016f. Proto i trofeje u n\u00e1s uloven\u00e9 jsou pak d\u00edky m\u00edstn\u00edm podm\u00ednk\u00e1m d\u016fkazem skv\u011bl\u00fdch loveck\u00fdch z\u00e1\u017eitk\u016f. Lov v ba\u017eantnici si svoj\u00ed n\u00e1ro\u010dnost\u00ed v ni\u010dem nezavd\u00e1 s lovem [&hellip;]<\/p>\n","protected":false},"author":1,"featured_media":0,"parent":22,"menu_order":0,"comment_status":"closed","ping_status":"closed","template":"","meta":{"footnotes":""},"class_list":["post-50","page","type-page","status-publish","hentry"],"_links":{"self":[{"href":"https:\/\/bazantnice.com\/cs\/wp-json\/wp\/v2\/pages\/50","targetHints":{"allow":["GET"]}}],"collection":[{"href":"https:\/\/bazantnice.com\/cs\/wp-json\/wp\/v2\/pages"}],"about":[{"href":"https:\/\/bazantnice.com\/cs\/wp-json\/wp\/v2\/types\/page"}],"author":[{"embeddable":true,"href":"https:\/\/bazantnice.com\/cs\/wp-json\/wp\/v2\/users\/1"}],"replies":[{"embeddable":true,"href":"https:\/\/bazantnice.com\/cs\/wp-json\/wp\/v2\/comments?post=50"}],"version-history":[{"count":5,"href":"https:\/\/bazantnice.com\/cs\/wp-json\/wp\/v2\/pages\/50\/revisions"}],"predecessor-version":[{"id":311,"href":"https:\/\/bazantnice.com\/cs\/wp-json\/wp\/v2\/pages\/50\/revisions\/311"}],"up":[{"embeddable":true,"href":"https:\/\/bazantnice.com\/cs\/wp-json\/wp\/v2\/pages\/22"}],"wp:attachment":[{"href":"https:\/\/bazantnice.com\/cs\/wp-json\/wp\/v2\/media?parent=50"}],"curies":[{"name":"wp","href":"https:\/\/api.w.org\/{rel}","templated":true}]}}