{"id":23,"date":"2024-01-20T09:14:27","date_gmt":"2024-01-20T08:14:27","guid":{"rendered":"https:\/\/bazantnice.com\/cs\/?page_id=23"},"modified":"2024-02-22T16:36:11","modified_gmt":"2024-02-22T15:36:11","slug":"drobna-zver","status":"publish","type":"page","link":"https:\/\/bazantnice.com\/cs\/katalog-zvere\/drobna-zver\/","title":{"rendered":"Drobn\u00e1 zv\u011b\u0159"},"content":{"rendered":"\n<div class=\"wp-block-columns is-layout-flex wp-container-core-columns-is-layout-28f84493 wp-block-columns-is-layout-flex\">\n<div class=\"wp-block-column is-layout-flow wp-block-column-is-layout-flow\">\n<figure class=\"wp-block-image size-full has-custom-border\"><a href=\"https:\/\/bazantnice.com\/cs\/katalog-zvere\/drobna-zver\/bazant-kralovsky\/\"><img loading=\"lazy\" decoding=\"async\" width=\"500\" height=\"375\" src=\"https:\/\/bazantnice.com\/cs\/wp-content\/uploads\/sites\/2\/2024\/01\/bazant-kralovsky.jpg\" alt=\"\" class=\"wp-image-262\" style=\"border-radius:10px;aspect-ratio:4\/3;object-fit:cover\" srcset=\"https:\/\/bazantnice.com\/cs\/wp-content\/uploads\/sites\/2\/2024\/01\/bazant-kralovsky.jpg 500w, https:\/\/bazantnice.com\/cs\/wp-content\/uploads\/sites\/2\/2024\/01\/bazant-kralovsky-300x225.jpg 300w\" sizes=\"auto, (max-width: 500px) 100vw, 500px\" \/><\/a><\/figure>\n\n\n\n<h3 class=\"wp-block-heading has-text-align-center\" style=\"margin-top:var(--wp--preset--spacing--x-small);margin-bottom:var(--wp--preset--spacing--x-small)\"><a href=\"https:\/\/bazantnice.com\/cs\/katalog-zvere\/drobna-zver\/bazant-kralovsky\/\" data-type=\"page\" data-id=\"58\">Ba\u017eant kr\u00e1lovsk\u00fd<\/a><\/h3>\n<\/div>\n\n\n\n<div class=\"wp-block-column is-layout-flow wp-block-column-is-layout-flow\">\n<figure class=\"wp-block-image size-full has-custom-border\"><a href=\"https:\/\/bazantnice.com\/cs\/katalog-zvere\/drobna-zver\/bazant-obecny\/\"><img loading=\"lazy\" decoding=\"async\" width=\"500\" height=\"375\" src=\"https:\/\/bazantnice.com\/cs\/wp-content\/uploads\/sites\/2\/2024\/01\/bazant-obecny.jpg\" alt=\"\" class=\"wp-image-263\" style=\"border-radius:10px;aspect-ratio:4\/3;object-fit:cover\" srcset=\"https:\/\/bazantnice.com\/cs\/wp-content\/uploads\/sites\/2\/2024\/01\/bazant-obecny.jpg 500w, https:\/\/bazantnice.com\/cs\/wp-content\/uploads\/sites\/2\/2024\/01\/bazant-obecny-300x225.jpg 300w\" sizes=\"auto, (max-width: 500px) 100vw, 500px\" \/><\/a><\/figure>\n\n\n\n<h3 class=\"wp-block-heading has-text-align-center\" style=\"margin-top:var(--wp--preset--spacing--x-small);margin-bottom:var(--wp--preset--spacing--x-small)\"><a href=\"https:\/\/bazantnice.com\/cs\/katalog-zvere\/drobna-zver\/bazant-obecny\/\" data-type=\"page\" data-id=\"60\">Ba\u017eant obecn\u00fd<\/a><\/h3>\n<\/div>\n\n\n\n<div class=\"wp-block-column is-layout-flow wp-block-column-is-layout-flow\">\n<figure class=\"wp-block-image size-full has-custom-border\"><a href=\"https:\/\/bazantnice.com\/cs\/katalog-zvere\/drobna-zver\/orebice-ruda\/\"><img loading=\"lazy\" decoding=\"async\" width=\"500\" height=\"346\" src=\"https:\/\/bazantnice.com\/cs\/wp-content\/uploads\/sites\/2\/2024\/02\/orebice-ruda.jpg\" alt=\"\" class=\"wp-image-333\" style=\"border-radius:10px;aspect-ratio:4\/3;object-fit:cover\" srcset=\"https:\/\/bazantnice.com\/cs\/wp-content\/uploads\/sites\/2\/2024\/02\/orebice-ruda.jpg 500w, https:\/\/bazantnice.com\/cs\/wp-content\/uploads\/sites\/2\/2024\/02\/orebice-ruda-300x208.jpg 300w\" sizes=\"auto, (max-width: 500px) 100vw, 500px\" \/><\/a><\/figure>\n\n\n\n<h3 class=\"wp-block-heading has-text-align-center\" style=\"margin-top:var(--wp--preset--spacing--x-small);margin-bottom:var(--wp--preset--spacing--x-small)\"><a href=\"https:\/\/bazantnice.com\/cs\/katalog-zvere\/drobna-zver\/orebice-ruda\/\" data-type=\"page\" data-id=\"56\">Orebice rud\u00e1<\/a><\/h3>\n<\/div>\n<\/div>\n\n\n\n<h3 class=\"wp-block-heading\">Informace k lovu<\/h3>\n\n\n\n<p>Lovy drobn\u00e9 zv\u011b\u0159e v \u010desk\u00fdch rev\u00edrech m\u011bli v\u017edy v\u00fdznamn\u00e9 postaven\u00ed. Zaje\u010d\u00ed, ba\u017eant\u00ed a kachn\u00ed hony byly v\u017edy velk\u00fdm l\u00e1kadlem i pro zahrani\u010dn\u00ed loveck\u00e9 hosty. I v dne\u0161n\u00ed dob\u011b se u n\u00e1s nach\u00e1zej\u00ed honitby, kde se drobn\u00e9 zv\u011b\u0159i da\u0159\u00ed a odm\u011bnou jsou bohat\u00e9 v\u00fd\u0159ady drobn\u00e9 zv\u011b\u0159e.<\/p>\n","protected":false},"excerpt":{"rendered":"<p>Ba\u017eant kr\u00e1lovsk\u00fd Ba\u017eant obecn\u00fd Orebice rud\u00e1 Informace k lovu Lovy drobn\u00e9 zv\u011b\u0159e v \u010desk\u00fdch rev\u00edrech m\u011bli v\u017edy v\u00fdznamn\u00e9 postaven\u00ed. Zaje\u010d\u00ed, ba\u017eant\u00ed a kachn\u00ed hony byly v\u017edy velk\u00fdm l\u00e1kadlem i pro zahrani\u010dn\u00ed loveck\u00e9 hosty. I v dne\u0161n\u00ed dob\u011b se u n\u00e1s nach\u00e1zej\u00ed honitby, kde se drobn\u00e9 zv\u011b\u0159i da\u0159\u00ed a odm\u011bnou jsou bohat\u00e9 v\u00fd\u0159ady drobn\u00e9 zv\u011b\u0159e.<\/p>\n","protected":false},"author":1,"featured_media":0,"parent":20,"menu_order":0,"comment_status":"closed","ping_status":"closed","template":"","meta":{"footnotes":""},"class_list":["post-23","page","type-page","status-publish","hentry"],"_links":{"self":[{"href":"https:\/\/bazantnice.com\/cs\/wp-json\/wp\/v2\/pages\/23","targetHints":{"allow":["GET"]}}],"collection":[{"href":"https:\/\/bazantnice.com\/cs\/wp-json\/wp\/v2\/pages"}],"about":[{"href":"https:\/\/bazantnice.com\/cs\/wp-json\/wp\/v2\/types\/page"}],"author":[{"embeddable":true,"href":"https:\/\/bazantnice.com\/cs\/wp-json\/wp\/v2\/users\/1"}],"replies":[{"embeddable":true,"href":"https:\/\/bazantnice.com\/cs\/wp-json\/wp\/v2\/comments?post=23"}],"version-history":[{"count":8,"href":"https:\/\/bazantnice.com\/cs\/wp-json\/wp\/v2\/pages\/23\/revisions"}],"predecessor-version":[{"id":334,"href":"https:\/\/bazantnice.com\/cs\/wp-json\/wp\/v2\/pages\/23\/revisions\/334"}],"up":[{"embeddable":true,"href":"https:\/\/bazantnice.com\/cs\/wp-json\/wp\/v2\/pages\/20"}],"wp:attachment":[{"href":"https:\/\/bazantnice.com\/cs\/wp-json\/wp\/v2\/media?parent=23"}],"curies":[{"name":"wp","href":"https:\/\/api.w.org\/{rel}","templated":true}]}}